{"id":5885,"date":"2024-06-11T09:34:03","date_gmt":"2024-06-11T08:34:03","guid":{"rendered":"https:\/\/stanzwerk.com\/de\/?page_id=5885"},"modified":"2025-08-26T06:46:39","modified_gmt":"2025-08-26T05:46:39","slug":"downloads","status":"publish","type":"page","link":"https:\/\/stanzwerk.com\/de\/downloads\/","title":{"rendered":"Downloads"},"content":{"rendered":"\n<p><\/p>\n\n\n\n<p><\/p>\n\n\n\n<!DOCTYPE html>\n<html>\n<head>\n    <title>Downloads<\/title>\n    <style>\n        .download-button {\n            display: inline-block;\n            padding: 10px 15px;\n            font-size: 1em;\n            color: #fff;\n            background-color: #C10101;\n            text-decoration: none;\n            border-radius: 5px;\n            text-align: center;\n        }\n        .download-button:hover {\n            background-color: #A00000;\n            color: #fff; \/* Beibehaltung der Schriftfarbe beim Hover *\/\n            text-decoration: none; \/* Entfernen der Unterstreichung beim Hover *\/\n        }\n        .table-container {\n            display: flex;\n            justify-content: center;\n        }\n        table {\n            border-collapse: collapse;\n            margin-top: 10px;\n            table-layout: auto;\n            width: 100%;\n        }\n        th, td {\n            padding: 10px;\n            text-align: left;\n            border: none; \/* Keine Randlinien *\/\n            white-space: nowrap;\n        }\n        th {\n            background-color: #f4f4f4;\n            border-bottom: 2px solid #ccc; \/* Nur waagerechte Linien *\/\n        }\n        td {\n            border-bottom: 1px solid #ccc; \/* Nur waagerechte Linien *\/\n        }\n        th.download, td.download {\n            text-align: right;\n        }\n    <\/style>\n<\/head>\n<body>\n    <h1>Downloads<\/h1>\n    <p>Hier sind unsere Dokumente abgelegt. Sie k\u00f6nnen die gew\u00fcnschten Dokumente \u00fcber die untenstehenden Links herunterladen.<\/p>\n\n    <div class=\"table-container\">\n        <table>\n            <thead>\n                <tr>\n                    <th>Dokumentname<\/th>\n                    <th>Version<\/th>\n                    <th class=\"download\">Download<\/th>\n                <\/tr>\n            <\/thead>\n            <tbody>\n                <tr>\n                    <td>IATF 16949 Zertifikat<\/td>\n                    <td>22.08.2024<\/td>\n                    <td class=\"download\"><a href=\"https:\/\/stanzwerk.com\/de\/wp-content\/uploads\/2024\/10\/240822_Certificate_IATF_16949_Stanzwerk.pdf\" class=\"download-button\" download>Download<\/a><\/td>\n                <\/tr>\n                <tr>\n                    <td>ISO 14001 Zertifikat<\/td>\n                    <td>11.09.2024<\/td>\n                    <td class=\"download\"><a href=\"https:\/\/stanzwerk.com\/de\/wp-content\/uploads\/2024\/10\/240911_Certificate_ISO_14001_Stanzwerk.pdf\" class=\"download-button\" download>Download<\/a><\/td>\n                <\/tr>\n                <tr>\n                    <td>ISO 9001 Zertifikat<\/td>\n                    <td>22.08.2024<\/td>\n                    <td class=\"download\"><a href=\"https:\/\/stanzwerk.com\/de\/wp-content\/uploads\/2024\/10\/240822_Certificate_ISO_9001_Stanzwerk.pdf\" class=\"download-button\" download>Download<\/a><\/td>\n                <\/tr>\n                <tr>\n                    <td>PFAS confirmation<\/td>\n                    <td>03.02.2025<\/td>\n                    <td class=\"download\"><a href=\"https:\/\/stanzwerk.com\/de\/wp-content\/uploads\/2025\/02\/2025-02-03_PFAS-Confirmation-for-HP_en-.pdf\" class=\"download-button\" download>Download<\/a><\/td>\n                <\/tr>\n                <tr>\n                    <td>POP TSCA confirmation<\/td>\n                    <td>03.02.2023<\/td>\n                    <td class=\"download\"><a href=\"https:\/\/stanzwerk.com\/de\/wp-content\/uploads\/2024\/06\/2023_02_03_POP_TSCA_confirmation-.pdf\" class=\"download-button\" download>Download<\/a><\/td>\n                <\/tr>\n                <tr>\n                    <td>REACH RoHS SVHC<\/td>\n                    <td>25.06.2025<\/td>\n                    <td class=\"download\"><a href=\"https:\/\/stanzwerk.com\/de\/wp-content\/uploads\/2025\/07\/2025_07_15_REACH-RoHS-SVHC-250.pdf\" class=\"download-button\" download>Download<\/a><\/td>\n                <\/tr>\n                <tr>\n                    <td>RMI CMRT<\/td>\n                    <td>6.5<\/td>\n                    <td class=\"download\"><a href=\"https:\/\/stanzwerk.com\/de\/wp-content\/uploads\/2025\/08\/RMI_CMRT_6.5.xlsx \" class=\"download-button\" download>Download<\/a><\/td>\n                <\/tr>\n                <tr>\n                    <td>RMI EMRT<\/td>\n                    <td>2.0<\/td>\n                    <td class=\"download\"><a href=\"https:\/\/stanzwerk.com\/de\/wp-content\/uploads\/2025\/08\/RMI_EMRT_2.0.xlsx\" class=\"download-button\" download>Download<\/a><\/td>\n                <\/tr>\n\t\t\t\t\n\t\t\t\t<tr>\n                    <td>RMI AMRT<\/td>\n                    <td>1.21<\/td>\n                    <td class=\"download\"><a href=\"https:\/\/stanzwerk.com\/de\/wp-content\/uploads\/2025\/08\/RMI_AMRT_1.21.xlsx \" class=\"download-button\" download>Download<\/a><\/td>\n                <\/tr>\n\t\t\t\t\n\t\t\t\t\n\t\t\t\t<tr>\n                    <td>RMI PRT<\/td>\n                    <td>1.1<\/td>\n                    <td class=\"download\"><a href=\"https:\/\/stanzwerk.com\/de\/wp-content\/uploads\/2024\/07\/RMI_PRT_1.1.xlsx\" class=\"download-button\" download>Download<\/a><\/td>\n                <\/tr>\n\t\t\t\t\n\t\t\t\t\n\t\t\t\t\n\t\t\t\t\n                <tr>\n                    <td>TSCA Restriction Declaration<\/td>\n                    <td>18.10.2023<\/td>\n                    <td class=\"download\"><a href=\"https:\/\/stanzwerk.com\/de\/wp-content\/uploads\/2024\/06\/2023_10_18_TSCA_Restrictions_Declaration_Stanzwerk.pdf\" class=\"download-button\" download>Download<\/a><\/td>\n                <\/tr>\n                <tr>\n                    <td>ZVEI-Code of Conduct<\/td>\n                    <td>11.05.2018<\/td>\n                    <td class=\"download\"><a href=\"https:\/\/stanzwerk.com\/de\/wp-content\/uploads\/2024\/07\/2018_ZVEI_CoC_Stanzwerk_signed.pdf\" class=\"download-button\" download>Download<\/a><\/td>\n                <\/tr>\n            <\/tbody>\n        <\/table>\n    <\/div>\n<\/body>\n<\/html>\n\n\n\n<div style=\"height:30px\" aria-hidden=\"true\" class=\"wp-block-spacer\"><\/div>\n\n\n\n<h2 class=\"wp-block-heading\">Qualit\u00e4ts- und Umweltpolitik<\/h2>\n\n\n\n<p>Hinweis: Bei Bedarf k\u00f6nnen die Qualit\u00e4tspolitik, wie auch die Umweltpolitik, unseres Unternehmens gerne angefordert werden bei:<\/p>\n\n\n\n<p>Strittmatter, Andr\u00e9<br>Leiter Qualit\u00e4t, Umwelt und Arbeitssicherheit<br><a href=\"mailto:andre.strittmatter@stanzwerk.com\">andr\u00e9.strittmatter@stanzwerk.com<\/a><\/p>\n","protected":false},"excerpt":{"rendered":"<p>Downloads Downloads Hier sind unsere Dokumente abgelegt. Sie k\u00f6nnen die gew\u00fcnschten Dokumente \u00fcber die untenstehenden Links herunterladen. Dokumentname Version Download IATF 16949 Zertifikat 22.08.2024 Download ISO 14001 Zertifikat 11.09.2024 Download &#8230;<\/p>\n","protected":false},"author":1,"featured_media":0,"parent":0,"menu_order":0,"comment_status":"closed","ping_status":"closed","template":"","meta":{"footnotes":""},"class_list":["post-5885","page","type-page","status-publish","hentry"],"_links":{"self":[{"href":"https:\/\/stanzwerk.com\/de\/wp-json\/wp\/v2\/pages\/5885","targetHints":{"allow":["GET"]}}],"collection":[{"href":"https:\/\/stanzwerk.com\/de\/wp-json\/wp\/v2\/pages"}],"about":[{"href":"https:\/\/stanzwerk.com\/de\/wp-json\/wp\/v2\/types\/page"}],"author":[{"embeddable":true,"href":"https:\/\/stanzwerk.com\/de\/wp-json\/wp\/v2\/users\/1"}],"replies":[{"embeddable":true,"href":"https:\/\/stanzwerk.com\/de\/wp-json\/wp\/v2\/comments?post=5885"}],"version-history":[{"count":49,"href":"https:\/\/stanzwerk.com\/de\/wp-json\/wp\/v2\/pages\/5885\/revisions"}],"predecessor-version":[{"id":6218,"href":"https:\/\/stanzwerk.com\/de\/wp-json\/wp\/v2\/pages\/5885\/revisions\/6218"}],"wp:attachment":[{"href":"https:\/\/stanzwerk.com\/de\/wp-json\/wp\/v2\/media?parent=5885"}],"curies":[{"name":"wp","href":"https:\/\/api.w.org\/{rel}","templated":true}]}}